{"id":96,"date":"2023-10-19T14:46:15","date_gmt":"2023-10-19T14:46:15","guid":{"rendered":"https:\/\/empauta.saocamilo-sp.br\/?page_id=96"},"modified":"2025-07-24T12:41:17","modified_gmt":"2025-07-24T12:41:17","slug":"institucional","status":"publish","type":"page","link":"https:\/\/empauta.saocamilo-sp.br\/?page_id=96","title":{"rendered":"Sobre o setor"},"content":{"rendered":"<h2 class=\"has-text-align-center wp-block-post-title has-ibm-plex-serif-font-family\">Sobre o setor<\/h2>\n\n\n<hr class=\"wp-block-separator has-alpha-channel-opacity\"\/>\n\n\n\n<div style=\"height:25px\" aria-hidden=\"true\" class=\"wp-block-spacer\"><\/div>\n\n\n\n<p class=\"has-nunito-font-family has-small-font-size\">O Setor de Publica\u00e7\u00f5es do Centro Universit\u00e1rio S\u00e3o Camilo foi criado com a finalidade de incentivar e dar suporte \u00e0 difus\u00e3o da produ\u00e7\u00e3o intelectual da comunidade acad\u00eamica\/cient\u00edfica.<\/p>\n\n\n\n<p class=\"has-nunito-font-family\">Objetivos:<\/p>\n\n\n\n<ul class=\"wp-block-list\">\n<li class=\"has-nunito-font-family has-small-font-size\">Dar visibilidade ao Centro Universit\u00e1rio S\u00e3o Camilo como Institui\u00e7\u00e3o de refer\u00eancia na produ\u00e7\u00e3o e cria\u00e7\u00e3o do pensamento cient\u00edfico.<\/li>\n\n\n\n<li class=\"has-nunito-font-family has-small-font-size\">Difundir o pensamento te\u00f3rico-anal\u00edtico nas \u00e1reas de abrang\u00eancia da Institui\u00e7\u00e3o e demais \u00e1reas do conhecimento.<\/li>\n\n\n\n<li class=\"has-nunito-font-family has-small-font-size\">Promover o debate e a reflex\u00e3o interdisciplinar sobre quest\u00f5es te\u00f3ricas e pr\u00e1ticas envolvendo as \u00e1reas de abrang\u00eancia da Institui\u00e7\u00e3o.<\/li>\n\n\n\n<li class=\"has-nunito-font-family has-small-font-size\">Divulgar os resultados de pesquisas e estudos do corpo docente e discente da Institui\u00e7\u00e3o, bem como do meio acad\u00eamico\/cient\u00edfico em geral.<\/li>\n\n\n\n<li class=\"has-nunito-font-family has-small-font-size\">Trabalhar como instrumento para o interc\u00e2mbio interinstitucional de saberes multidisciplinares.<\/li>\n\n\n\n<li class=\"has-nunito-font-family has-small-font-size\">Fomentar a inova\u00e7\u00e3o e a criatividade na produ\u00e7\u00e3o acad\u00eamica, incentivando novas abordagens e metodologias de pesquisa.<\/li>\n\n\n\n<li class=\"has-nunito-font-family has-small-font-size\">Apoiar a publica\u00e7\u00e3o de obras de relev\u00e2ncia para a comunidade acad\u00eamica e para a sociedade, contribuindo para o avan\u00e7o do conhecimento.<\/li>\n\n\n\n<li class=\"has-nunito-font-family has-small-font-size\">Facilitar o acesso \u00e0 informa\u00e7\u00e3o cient\u00edfica por meio de publica\u00e7\u00f5es de alta qualidade e de f\u00e1cil acesso.<\/li>\n<\/ul>\n\n\n\n<div style=\"height:25px\" aria-hidden=\"true\" class=\"wp-block-spacer\"><\/div>\n\n\n\n<hr class=\"wp-block-separator has-alpha-channel-opacity\"\/>\n\n\n\n<div style=\"height:25px\" aria-hidden=\"true\" class=\"wp-block-spacer\"><\/div>\n\n\n\n<p class=\"has-text-align-center has-heading-color-color has-text-color has-link-color has-nunito-font-family has-x-small-font-size wp-elements-5b2a06e7f195344065e81e1002bbd2d3\"><strong>Endere\u00e7o:<\/strong> Centro Universit\u00e1rio S\u00e3o Camilo &#8211; SP. Campus Pompeia &#8211; R. Raul Pompeia, 144, Bairro Vila Pompeia &#8211; S\u00e3o Paulo &#8211; Brasil. CEP: 05025-010.<\/p>\n\n\n\n<p><\/p>\n","protected":false},"excerpt":{"rendered":"<p>O Setor de Publica\u00e7\u00f5es do Centro Universit\u00e1rio S\u00e3o Camilo foi criado com a finalidade de incentivar e dar suporte \u00e0 difus\u00e3o da produ\u00e7\u00e3o intelectual da comunidade acad\u00eamica\/cient\u00edfica. Objetivos: Endere\u00e7o: Centro Universit\u00e1rio S\u00e3o Camilo &#8211; SP. Campus Pompeia &#8211; R. Raul Pompeia, 144, Bairro Vila Pompeia &#8211; S\u00e3o Paulo &#8211; Brasil. CEP: 05025-010.<\/p>\n","protected":false},"author":1,"featured_media":0,"parent":0,"menu_order":0,"comment_status":"closed","ping_status":"closed","template":"wp-custom-template-p-ginas-internas","meta":{"footnotes":""},"class_list":["post-96","page","type-page","status-publish","hentry"],"_links":{"self":[{"href":"https:\/\/empauta.saocamilo-sp.br\/index.php?rest_route=\/wp\/v2\/pages\/96","targetHints":{"allow":["GET"]}}],"collection":[{"href":"https:\/\/empauta.saocamilo-sp.br\/index.php?rest_route=\/wp\/v2\/pages"}],"about":[{"href":"https:\/\/empauta.saocamilo-sp.br\/index.php?rest_route=\/wp\/v2\/types\/page"}],"author":[{"embeddable":true,"href":"https:\/\/empauta.saocamilo-sp.br\/index.php?rest_route=\/wp\/v2\/users\/1"}],"replies":[{"embeddable":true,"href":"https:\/\/empauta.saocamilo-sp.br\/index.php?rest_route=%2Fwp%2Fv2%2Fcomments&post=96"}],"version-history":[{"count":44,"href":"https:\/\/empauta.saocamilo-sp.br\/index.php?rest_route=\/wp\/v2\/pages\/96\/revisions"}],"predecessor-version":[{"id":917,"href":"https:\/\/empauta.saocamilo-sp.br\/index.php?rest_route=\/wp\/v2\/pages\/96\/revisions\/917"}],"wp:attachment":[{"href":"https:\/\/empauta.saocamilo-sp.br\/index.php?rest_route=%2Fwp%2Fv2%2Fmedia&parent=96"}],"curies":[{"name":"wp","href":"https:\/\/api.w.org\/{rel}","templated":true}]}}