{"id":732,"date":"2025-06-26T13:16:06","date_gmt":"2025-06-26T13:16:06","guid":{"rendered":"https:\/\/empauta.saocamilo-sp.br\/?page_id=732"},"modified":"2025-06-26T14:36:15","modified_gmt":"2025-06-26T14:36:15","slug":"diretrizes-de-publicacao","status":"publish","type":"page","link":"https:\/\/empauta.saocamilo-sp.br\/?page_id=732","title":{"rendered":"Diretrizes de publica\u00e7\u00e3o"},"content":{"rendered":"\n<h2 class=\"wp-block-heading has-text-align-center has-ibm-plex-serif-font-family\">Diretrizes de publica\u00e7\u00e3o<\/h2>\n\n\n\n<hr class=\"wp-block-separator has-alpha-channel-opacity\"\/>\n\n\n\n<div style=\"height:25px\" aria-hidden=\"true\" class=\"wp-block-spacer\"><\/div>\n\n\n\n<p class=\"has-nunito-font-family has-small-font-size\">A &nbsp;Em Pauta S\u00e3o Camilo&nbsp;\u00e9 uma publica\u00e7\u00e3o colaborativa e org\u00e2nica, voltada \u00e0 divulga\u00e7\u00e3o cient\u00edfica e institucional. Atua como canal de comunica\u00e7\u00e3o interna e de interc\u00e2mbio com convidados, priorizando agilidade, acessibilidade e pluralidade de vozes.<\/p>\n\n\n\n<p class=\"has-nunito-font-family has-small-font-size\">Por seu perfil editorial,&nbsp;n\u00e3o adota normas acad\u00eamicas formais de submiss\u00e3o. Os textos seguem uma linguagem informativa, voltada ao segmento de ci\u00eancia e tecnologia, com foco na produ\u00e7\u00e3o cient\u00edfica e nas atividades desenvolvidas no Centro Universit\u00e1rio S\u00e3o Camilo.<\/p>\n\n\n\n<p class=\"has-nunito-font-family has-small-font-size\">As publica\u00e7\u00f5es s\u00e3o organizadas com base em crit\u00e9rios editoriais internos, definidos por uma comiss\u00e3o respons\u00e1vel por garantir a qualidade, relev\u00e2ncia e coer\u00eancia dos conte\u00fados.<\/p>\n\n\n\n<p class=\"has-nunito-font-family has-small-font-size\"><strong>Princ\u00edpios Editoriais<\/strong><\/p>\n\n\n\n<ul class=\"wp-block-list has-nunito-font-family has-small-font-size\">\n<li><strong>Conte\u00fado Org\u00e2nico:<\/strong> os textos s\u00e3o frutos de contribui\u00e7\u00f5es espont\u00e2neas de membros da comunidade acad\u00eamica ou convidados, abordando temas relevantes para a institui\u00e7\u00e3o e promovendo integra\u00e7\u00e3o entre estudantes, departamentos e o p\u00fablico externo.<\/li>\n\n\n\n<li><strong>Flexibilidade Editorial:<\/strong> a curadoria valoriza clareza, pertin\u00eancia e alinhamento com os objetivos da revista, sem exig\u00eancias t\u00e9cnicas padronizadas.<\/li>\n\n\n\n<li><strong>Linguagem e Formato Acess\u00edveis:<\/strong> privilegia-se uma comunica\u00e7\u00e3o direta, com estrutura textual simples (t\u00edtulos, par\u00e1grafos e listas), facilitando a leitura e o entendimento.<\/li>\n<\/ul>\n\n\n\n<p class=\"has-nunito-font-family has-small-font-size\">As contribui\u00e7\u00f5es publicadas na revista atendem aos crit\u00e9rios:<\/p>\n\n\n\n<ul class=\"wp-block-list has-nunito-font-family has-small-font-size\">\n<li><strong>Relev\u00e2ncia:<\/strong>&nbsp;alinhamento com o escopo da revista.<\/li>\n\n\n\n<li><strong>Clareza:<\/strong>\u00a0comunica\u00e7\u00e3o objetiva e compreens\u00edvel.<\/li>\n\n\n\n<li><strong>Simplicidade:<\/strong>&nbsp;uso de estrutura textual direta e acess\u00edvel.<\/li>\n<\/ul>\n","protected":false},"excerpt":{"rendered":"<p>Diretrizes de publica\u00e7\u00e3o A &nbsp;Em Pauta S\u00e3o Camilo&nbsp;\u00e9 uma publica\u00e7\u00e3o colaborativa e org\u00e2nica, voltada \u00e0 divulga\u00e7\u00e3o cient\u00edfica e institucional. Atua como canal de comunica\u00e7\u00e3o interna e de interc\u00e2mbio com convidados, priorizando agilidade, acessibilidade e pluralidade de vozes. Por seu perfil editorial,&nbsp;n\u00e3o adota normas acad\u00eamicas formais de submiss\u00e3o. Os textos seguem uma linguagem informativa, voltada ao&#8230;<\/p>\n","protected":false},"author":4,"featured_media":0,"parent":0,"menu_order":0,"comment_status":"closed","ping_status":"closed","template":"","meta":{"footnotes":""},"class_list":["post-732","page","type-page","status-publish","hentry"],"_links":{"self":[{"href":"https:\/\/empauta.saocamilo-sp.br\/index.php?rest_route=\/wp\/v2\/pages\/732","targetHints":{"allow":["GET"]}}],"collection":[{"href":"https:\/\/empauta.saocamilo-sp.br\/index.php?rest_route=\/wp\/v2\/pages"}],"about":[{"href":"https:\/\/empauta.saocamilo-sp.br\/index.php?rest_route=\/wp\/v2\/types\/page"}],"author":[{"embeddable":true,"href":"https:\/\/empauta.saocamilo-sp.br\/index.php?rest_route=\/wp\/v2\/users\/4"}],"replies":[{"embeddable":true,"href":"https:\/\/empauta.saocamilo-sp.br\/index.php?rest_route=%2Fwp%2Fv2%2Fcomments&post=732"}],"version-history":[{"count":3,"href":"https:\/\/empauta.saocamilo-sp.br\/index.php?rest_route=\/wp\/v2\/pages\/732\/revisions"}],"predecessor-version":[{"id":752,"href":"https:\/\/empauta.saocamilo-sp.br\/index.php?rest_route=\/wp\/v2\/pages\/732\/revisions\/752"}],"wp:attachment":[{"href":"https:\/\/empauta.saocamilo-sp.br\/index.php?rest_route=%2Fwp%2Fv2%2Fmedia&parent=732"}],"curies":[{"name":"wp","href":"https:\/\/api.w.org\/{rel}","templated":true}]}}