{"id":730,"date":"2025-06-26T13:08:51","date_gmt":"2025-06-26T13:08:51","guid":{"rendered":"https:\/\/empauta.saocamilo-sp.br\/?page_id=730"},"modified":"2025-07-24T12:43:19","modified_gmt":"2025-07-24T12:43:19","slug":"contato","status":"publish","type":"page","link":"https:\/\/empauta.saocamilo-sp.br\/?page_id=730","title":{"rendered":"Contato"},"content":{"rendered":"\n<h2 class=\"wp-block-heading has-text-align-center has-ibm-plex-serif-font-family\">Contato<\/h2>\n\n\n\n<hr class=\"wp-block-separator has-alpha-channel-opacity\"\/>\n\n\n\n<div style=\"height:25px\" aria-hidden=\"true\" class=\"wp-block-spacer\"><\/div>\n\n\n\n<div class=\"wp-block-group is-nowrap is-layout-flex wp-container-core-group-is-layout-6c531013 wp-block-group-is-layout-flex\">\n<div class=\"wp-block-group is-nowrap is-layout-flex wp-container-core-group-is-layout-6c531013 wp-block-group-is-layout-flex\">\n<p class=\"has-ibm-plex-serif-font-family has-small-font-size\">A <strong>Em Pauta S\u00e3o Camilo<\/strong>&nbsp;\u00e9 uma publica\u00e7\u00e3o semestral editada pelo Setor de Publica\u00e7\u00f5es do Centro Universit\u00e1rio S\u00e3o Camilo &#8211; SP.<\/p>\n\n\n\n<div class=\"wp-block-group is-layout-constrained wp-block-group-is-layout-constrained\">\n<p class=\"has-nunito-font-family has-small-font-size\"><strong>Endere\u00e7o:<\/strong> Centro Universit\u00e1rio S\u00e3o Camilo &#8211; SP. Campus Pompeia &#8211; R. Raul Pompeia, 144, Bairro Vila Pompeia &#8211; S\u00e3o Paulo &#8211; Brasil. CEP: 05025-010.<\/p>\n\n\n\n<p class=\"has-black-color has-text-color has-link-color has-nunito-font-family has-small-font-size wp-elements-c27e2ddf25e4f982d5f00b02fa5c2721\"><strong>Contatos principais:<\/strong> <a href=\"mailto:secretariapublica@saocamilo-sp.br\"><mark style=\"background-color:rgba(0, 0, 0, 0)\" class=\"has-inline-color has-foreground-color\"><\/mark><\/a><a href=\"mailto:secretariapublica@saocamilo-sp.br\"><mark style=\"background-color:rgba(0, 0, 0, 0)\" class=\"has-inline-color has-foreground-color\">secretariapublica@saocamilo-sp.br<\/mark><\/a> e <a href=\"mailto:bruna.disero@saocamilo-sp.br\">bruna.disero@saocamilo-sp.br<\/a><\/p>\n\n\n\n<p class=\"has-black-color has-text-color has-link-color has-nunito-font-family has-small-font-size wp-elements-8864ffe7b253b39b7a183799f65023cd\"><strong>Contato para suporte t\u00e9cnico: <\/strong><a href=\"dpo@saocamilo.br\"><\/a><a href=\"mailto:secretariapublica@saocamilo-sp.br\"><mark style=\"background-color:rgba(0, 0, 0, 0)\" class=\"has-inline-color has-foreground-color\">secretariapublica@saocamilo-sp.br<\/mark><\/a><\/p>\n<\/div>\n<\/div>\n<\/div>\n","protected":false},"excerpt":{"rendered":"<p>Contato A Em Pauta S\u00e3o Camilo&nbsp;\u00e9 uma publica\u00e7\u00e3o semestral editada pelo Setor de Publica\u00e7\u00f5es do Centro Universit\u00e1rio S\u00e3o Camilo &#8211; SP. Endere\u00e7o: Centro Universit\u00e1rio S\u00e3o Camilo &#8211; SP. Campus Pompeia &#8211; R. Raul Pompeia, 144, Bairro Vila Pompeia &#8211; S\u00e3o Paulo &#8211; Brasil. CEP: 05025-010. Contatos principais: secretariapublica@saocamilo-sp.br e bruna.disero@saocamilo-sp.br Contato para suporte t\u00e9cnico: secretariapublica@saocamilo-sp.br<\/p>\n","protected":false},"author":4,"featured_media":0,"parent":0,"menu_order":0,"comment_status":"closed","ping_status":"closed","template":"","meta":{"footnotes":""},"class_list":["post-730","page","type-page","status-publish","hentry"],"_links":{"self":[{"href":"https:\/\/empauta.saocamilo-sp.br\/index.php?rest_route=\/wp\/v2\/pages\/730","targetHints":{"allow":["GET"]}}],"collection":[{"href":"https:\/\/empauta.saocamilo-sp.br\/index.php?rest_route=\/wp\/v2\/pages"}],"about":[{"href":"https:\/\/empauta.saocamilo-sp.br\/index.php?rest_route=\/wp\/v2\/types\/page"}],"author":[{"embeddable":true,"href":"https:\/\/empauta.saocamilo-sp.br\/index.php?rest_route=\/wp\/v2\/users\/4"}],"replies":[{"embeddable":true,"href":"https:\/\/empauta.saocamilo-sp.br\/index.php?rest_route=%2Fwp%2Fv2%2Fcomments&post=730"}],"version-history":[{"count":3,"href":"https:\/\/empauta.saocamilo-sp.br\/index.php?rest_route=\/wp\/v2\/pages\/730\/revisions"}],"predecessor-version":[{"id":919,"href":"https:\/\/empauta.saocamilo-sp.br\/index.php?rest_route=\/wp\/v2\/pages\/730\/revisions\/919"}],"wp:attachment":[{"href":"https:\/\/empauta.saocamilo-sp.br\/index.php?rest_route=%2Fwp%2Fv2%2Fmedia&parent=730"}],"curies":[{"name":"wp","href":"https:\/\/api.w.org\/{rel}","templated":true}]}}