{"id":144,"date":"2023-10-19T19:12:14","date_gmt":"2023-10-19T19:12:14","guid":{"rendered":"https:\/\/empauta.saocamilo-sp.br\/?page_id=144"},"modified":"2025-06-24T19:10:00","modified_gmt":"2025-06-24T19:10:00","slug":"ultima-publicacao","status":"publish","type":"page","link":"https:\/\/empauta.saocamilo-sp.br\/?page_id=144","title":{"rendered":"Not\u00edcias"},"content":{"rendered":"\n<h2 class=\"wp-block-heading has-text-align-center has-ibm-plex-serif-font-family\" style=\"margin-bottom:var(--wp--preset--spacing--60);line-height:1\">\u00daltimas Not\u00edcias<\/h2>\n\n\n\n<hr class=\"wp-block-separator has-alpha-channel-opacity\"\/>\n\n\n\n<div style=\"height:25px\" aria-hidden=\"true\" class=\"wp-block-spacer\"><\/div>\n\n\n\n<p class=\"has-text-align-left has-nunito-font-family has-small-font-size\">Fique por dentro das \u00faltimas not\u00edcias da Em Pauta S\u00e3o Camilo.<\/p>\n\n\n\n<div class=\"wp-block-group is-content-justification-center is-layout-constrained wp-container-core-group-is-layout-4a53e118 wp-block-group-is-layout-constrained\" style=\"padding-top:var(--wp--preset--spacing--60);padding-right:var(--wp--preset--spacing--40);padding-bottom:var(--wp--preset--spacing--60);padding-left:var(--wp--preset--spacing--40)\">\n<div class=\"wp-block-query is-layout-flow wp-block-query-is-layout-flow\"><ul class=\"wp-block-post-template is-layout-flow wp-block-post-template-is-layout-flow\"><li class=\"wp-block-post post-1199 post type-post status-publish format-standard has-post-thumbnail hentry category-capa tag-capa tag-educacao tag-extensao-universitaria\">\n\n<div class=\"wp-block-group is-layout-flow wp-container-core-group-is-layout-d4a81756 wp-block-group-is-layout-flow\" style=\"padding-top:10px;padding-right:10px;padding-bottom:10px;padding-left:10px\">\n<div class=\"wp-block-columns is-layout-flex wp-container-core-columns-is-layout-28f84493 wp-block-columns-is-layout-flex\">\n<div class=\"wp-block-column is-layout-flow wp-block-column-is-layout-flow\" style=\"flex-basis:40%\"><figure style=\"height:300px;\" class=\"wp-block-post-featured-image\"><img loading=\"lazy\" decoding=\"async\" width=\"1024\" height=\"1024\" src=\"https:\/\/empauta.saocamilo-sp.br\/wp-content\/uploads\/2026\/01\/Designer-31-1.jpg\" class=\"attachment-post-thumbnail size-post-thumbnail wp-post-image\" alt=\"Capa &quot;Integra\u00e7\u00e3o universidade-comunidade: pr\u00e1ticas transformadoras&quot;\" style=\"border-radius:10px;height:300px;object-fit:cover;\" srcset=\"https:\/\/empauta.saocamilo-sp.br\/wp-content\/uploads\/2026\/01\/Designer-31-1.jpg 1024w, https:\/\/empauta.saocamilo-sp.br\/wp-content\/uploads\/2026\/01\/Designer-31-1-300x300.jpg 300w, https:\/\/empauta.saocamilo-sp.br\/wp-content\/uploads\/2026\/01\/Designer-31-1-150x150.jpg 150w, https:\/\/empauta.saocamilo-sp.br\/wp-content\/uploads\/2026\/01\/Designer-31-1-768x768.jpg 768w\" sizes=\"auto, (max-width: 1024px) 100vw, 1024px\" \/><\/figure><\/div>\n\n\n\n<div class=\"wp-block-column is-layout-flow wp-block-column-is-layout-flow\" style=\"flex-basis:60%\"><h2 style=\"font-size:28px;line-height:1.2; margin-bottom:var(--wp--preset--spacing--40);margin-top:var(--wp--preset--spacing--50);\" class=\"has-link-color is-style-title-hover-secondary-color wp-elements-29ca791ea117978d38afc0f5d7b88290 wp-block-post-title has-ibm-plex-serif-font-family\"><a href=\"https:\/\/empauta.saocamilo-sp.br\/?p=1199\" target=\"_self\" >Integra\u00e7\u00e3o universidade-comunidade: pr\u00e1ticas transformadoras<\/a><\/h2>\n\n\n<div class=\"wp-block-group has-x-small-font-size is-nowrap is-layout-flex wp-container-core-group-is-layout-6ce5725f wp-block-group-is-layout-flex\" style=\"padding-bottom:var(--wp--preset--spacing--20)\"><div class=\"wp-block-post-date has-nunito-font-family\"><time datetime=\"2026-01-20T12:49:11+00:00\">janeiro 20, 2026<\/time><\/div>\n\n\n<p>.<\/p>\n\n\n<div class=\"wp-block-post-author-name has-nunito-font-family\">Em Pauta S\u00e3o Camilo<\/div><\/div>\n\n\n<div style=\"font-size:18px;\" class=\"wp-block-post-excerpt has-nunito-font-family\"><p class=\"wp-block-post-excerpt__excerpt\">A educa\u00e7\u00e3o \u00e9 um direito de todos e visa o desenvolvimento da pessoa e seu preparo para o exerc\u00edcio da cidadania e qualifica\u00e7\u00e3o para o trabalho. Segundo a Constitui\u00e7\u00e3o de 1988, as universidades devem obedecer ao princ\u00edpio da indissociabilidade entre ensino, pesquisa e extens\u00e3o, promovendo a forma\u00e7\u00e3o de indiv\u00edduos conscientes, instru\u00eddos e capacitados para contribuir<\/p><p class=\"wp-block-post-excerpt__more-text\"><a class=\"wp-block-post-excerpt__more-link\" href=\"https:\/\/empauta.saocamilo-sp.br\/?p=1199\">Leia mais<\/a><\/p><\/div><\/div>\n<\/div>\n<\/div>\n\n<\/li><li class=\"wp-block-post post-1183 post type-post status-publish format-standard has-post-thumbnail hentry category-capa tag-capa tag-educacao tag-ies tag-instituicoes-de-ensino-superior tag-populacoes-vulneraveis\">\n\n<div class=\"wp-block-group is-layout-flow wp-container-core-group-is-layout-d4a81756 wp-block-group-is-layout-flow\" style=\"padding-top:10px;padding-right:10px;padding-bottom:10px;padding-left:10px\">\n<div class=\"wp-block-columns is-layout-flex wp-container-core-columns-is-layout-28f84493 wp-block-columns-is-layout-flex\">\n<div class=\"wp-block-column is-layout-flow wp-block-column-is-layout-flow\" style=\"flex-basis:40%\"><figure style=\"height:300px;\" class=\"wp-block-post-featured-image\"><img loading=\"lazy\" decoding=\"async\" width=\"2560\" height=\"2560\" src=\"https:\/\/empauta.saocamilo-sp.br\/wp-content\/uploads\/2026\/01\/shutterstock_2531209709-scaled.jpg\" class=\"attachment-post-thumbnail size-post-thumbnail wp-post-image\" alt=\"Ilustra\u00e7\u00e3o: &quot;A import\u00e2ncia das IES junto \u00e0s popula\u00e7\u00f5es vulner\u00e1veis&quot;\" style=\"border-radius:10px;height:300px;object-fit:cover;\" srcset=\"https:\/\/empauta.saocamilo-sp.br\/wp-content\/uploads\/2026\/01\/shutterstock_2531209709-scaled.jpg 2560w, https:\/\/empauta.saocamilo-sp.br\/wp-content\/uploads\/2026\/01\/shutterstock_2531209709-300x300.jpg 300w, https:\/\/empauta.saocamilo-sp.br\/wp-content\/uploads\/2026\/01\/shutterstock_2531209709-1024x1024.jpg 1024w, https:\/\/empauta.saocamilo-sp.br\/wp-content\/uploads\/2026\/01\/shutterstock_2531209709-150x150.jpg 150w, https:\/\/empauta.saocamilo-sp.br\/wp-content\/uploads\/2026\/01\/shutterstock_2531209709-768x768.jpg 768w, https:\/\/empauta.saocamilo-sp.br\/wp-content\/uploads\/2026\/01\/shutterstock_2531209709-1536x1536.jpg 1536w, https:\/\/empauta.saocamilo-sp.br\/wp-content\/uploads\/2026\/01\/shutterstock_2531209709-2048x2048.jpg 2048w\" sizes=\"auto, (max-width: 2560px) 100vw, 2560px\" \/><\/figure><\/div>\n\n\n\n<div class=\"wp-block-column is-layout-flow wp-block-column-is-layout-flow\" style=\"flex-basis:60%\"><h2 style=\"font-size:28px;line-height:1.2; margin-bottom:var(--wp--preset--spacing--40);margin-top:var(--wp--preset--spacing--50);\" class=\"has-link-color is-style-title-hover-secondary-color wp-elements-29ca791ea117978d38afc0f5d7b88290 wp-block-post-title has-ibm-plex-serif-font-family\"><a href=\"https:\/\/empauta.saocamilo-sp.br\/?p=1183\" target=\"_self\" >A import\u00e2ncia das IES junto \u00e0s popula\u00e7\u00f5es vulner\u00e1veis<\/a><\/h2>\n\n\n<div class=\"wp-block-group has-x-small-font-size is-nowrap is-layout-flex wp-container-core-group-is-layout-6ce5725f wp-block-group-is-layout-flex\" style=\"padding-bottom:var(--wp--preset--spacing--20)\"><div class=\"wp-block-post-date has-nunito-font-family\"><time datetime=\"2026-01-13T13:37:17+00:00\">janeiro 13, 2026<\/time><\/div>\n\n\n<p>.<\/p>\n\n\n<div class=\"wp-block-post-author-name has-nunito-font-family\">Em Pauta S\u00e3o Camilo<\/div><\/div>\n\n\n<div style=\"font-size:18px;\" class=\"wp-block-post-excerpt has-nunito-font-family\"><p class=\"wp-block-post-excerpt__excerpt\">M uito se discute sobre o papel social das Institui\u00e7\u00f5es de Ensino Superior (IES), assunto que, nos \u00faltimos anos, tem ganhado destaque, especialmente no que diz respeito \u00e0 contribui\u00e7\u00e3o para o desenvolvimento comunit\u00e1rio e \u00e0 promo\u00e7\u00e3o da inclus\u00e3o social. Toda IES produz impacto social, algo que ocorre desde a cria\u00e7\u00e3o da primeira universidade, j\u00e1 que<\/p><p class=\"wp-block-post-excerpt__more-text\"><a class=\"wp-block-post-excerpt__more-link\" href=\"https:\/\/empauta.saocamilo-sp.br\/?p=1183\">Leia mais<\/a><\/p><\/div><\/div>\n<\/div>\n<\/div>\n\n<\/li><li class=\"wp-block-post post-1174 post type-post status-publish format-standard has-post-thumbnail hentry category-extensao-comunitaria tag-amor-em-mechas tag-extensao-comunitaria tag-saude\">\n\n<div class=\"wp-block-group is-layout-flow wp-container-core-group-is-layout-d4a81756 wp-block-group-is-layout-flow\" style=\"padding-top:10px;padding-right:10px;padding-bottom:10px;padding-left:10px\">\n<div class=\"wp-block-columns is-layout-flex wp-container-core-columns-is-layout-28f84493 wp-block-columns-is-layout-flex\">\n<div class=\"wp-block-column is-layout-flow wp-block-column-is-layout-flow\" style=\"flex-basis:40%\"><figure style=\"height:300px;\" class=\"wp-block-post-featured-image\"><img loading=\"lazy\" decoding=\"async\" width=\"2560\" height=\"2560\" src=\"https:\/\/empauta.saocamilo-sp.br\/wp-content\/uploads\/2025\/12\/shutterstock_2575465739-scaled.jpg\" class=\"attachment-post-thumbnail size-post-thumbnail wp-post-image\" alt=\"Mat\u00e9ria &quot;&quot;Amor em Mechas&quot;: projeto de Extens\u00e3o promove rede de solidariedade e esperan\u00e7a \u00e0s mulheres com c\u00e2ncer e alopecia&quot;\" style=\"border-radius:10px;height:300px;object-fit:cover;\" srcset=\"https:\/\/empauta.saocamilo-sp.br\/wp-content\/uploads\/2025\/12\/shutterstock_2575465739-scaled.jpg 2560w, https:\/\/empauta.saocamilo-sp.br\/wp-content\/uploads\/2025\/12\/shutterstock_2575465739-300x300.jpg 300w, https:\/\/empauta.saocamilo-sp.br\/wp-content\/uploads\/2025\/12\/shutterstock_2575465739-1024x1024.jpg 1024w, https:\/\/empauta.saocamilo-sp.br\/wp-content\/uploads\/2025\/12\/shutterstock_2575465739-150x150.jpg 150w, https:\/\/empauta.saocamilo-sp.br\/wp-content\/uploads\/2025\/12\/shutterstock_2575465739-768x768.jpg 768w, https:\/\/empauta.saocamilo-sp.br\/wp-content\/uploads\/2025\/12\/shutterstock_2575465739-1536x1536.jpg 1536w, https:\/\/empauta.saocamilo-sp.br\/wp-content\/uploads\/2025\/12\/shutterstock_2575465739-2048x2048.jpg 2048w\" sizes=\"auto, (max-width: 2560px) 100vw, 2560px\" \/><\/figure><\/div>\n\n\n\n<div class=\"wp-block-column is-layout-flow wp-block-column-is-layout-flow\" style=\"flex-basis:60%\"><h2 style=\"font-size:28px;line-height:1.2; margin-bottom:var(--wp--preset--spacing--40);margin-top:var(--wp--preset--spacing--50);\" class=\"has-link-color is-style-title-hover-secondary-color wp-elements-29ca791ea117978d38afc0f5d7b88290 wp-block-post-title has-ibm-plex-serif-font-family\"><a href=\"https:\/\/empauta.saocamilo-sp.br\/?p=1174\" target=\"_self\" >&#8220;Amor em Mechas&#8221;: projeto de Extens\u00e3o promove rede de solidariedade e esperan\u00e7a \u00e0s mulheres com c\u00e2ncer e alopecia<\/a><\/h2>\n\n\n<div class=\"wp-block-group has-x-small-font-size is-nowrap is-layout-flex wp-container-core-group-is-layout-6ce5725f wp-block-group-is-layout-flex\" style=\"padding-bottom:var(--wp--preset--spacing--20)\"><div class=\"wp-block-post-date has-nunito-font-family\"><time datetime=\"2025-12-01T15:58:02+00:00\">dezembro 1, 2025<\/time><\/div>\n\n\n<p>.<\/p>\n\n\n<div class=\"wp-block-post-author-name has-nunito-font-family\">Em Pauta S\u00e3o Camilo<\/div><\/div>\n\n\n<div style=\"font-size:18px;\" class=\"wp-block-post-excerpt has-nunito-font-family\"><p class=\"wp-block-post-excerpt__excerpt\">O ferecer apoio em momentos&nbsp;de sensibilidade e vulnerabilidade&nbsp;\u00e9 uma das a\u00e7\u00f5es mais not\u00e1veis de empatia e amor.&nbsp;\u00c9 isso o que prop\u00f5e o projeto \u201cAmor em Mechas\u201d, conduzido em parceria entre o Centro Universit\u00e1rio S\u00e3o Camilo e o Instituto Amor em Mechas,&nbsp;que&nbsp;oferece&nbsp;suporte a&nbsp;mulheres&nbsp;com c\u00e2ncer e alopecia.&nbsp; Em mat\u00e9ria publicada\u00a0na edi\u00e7\u00e3o\u00a0de maio deste ano, a\u00a0revista\u00a0Em Pauta S\u00e3o<\/p><p class=\"wp-block-post-excerpt__more-text\"><a class=\"wp-block-post-excerpt__more-link\" href=\"https:\/\/empauta.saocamilo-sp.br\/?p=1174\">Leia mais<\/a><\/p><\/div><\/div>\n<\/div>\n<\/div>\n\n<\/li><li class=\"wp-block-post post-1130 post type-post status-publish format-standard has-post-thumbnail hentry category-conhecendo-a-sao-camilo tag-apoio-psicologico-e-psicopedagogico tag-conhecendo-a-sao-camilo tag-e-book tag-entrevista\">\n\n<div class=\"wp-block-group is-layout-flow wp-container-core-group-is-layout-d4a81756 wp-block-group-is-layout-flow\" style=\"padding-top:10px;padding-right:10px;padding-bottom:10px;padding-left:10px\">\n<div class=\"wp-block-columns is-layout-flex wp-container-core-columns-is-layout-28f84493 wp-block-columns-is-layout-flex\">\n<div class=\"wp-block-column is-layout-flow wp-block-column-is-layout-flow\" style=\"flex-basis:40%\"><figure style=\"height:300px;\" class=\"wp-block-post-featured-image\"><img loading=\"lazy\" decoding=\"async\" width=\"2560\" height=\"1440\" src=\"https:\/\/empauta.saocamilo-sp.br\/wp-content\/uploads\/2025\/10\/shutterstock_2545026915-scaled.jpg\" class=\"attachment-post-thumbnail size-post-thumbnail wp-post-image\" alt=\"&quot;Sa\u00fade Mental e a Vida Universit\u00e1ria&quot;: descubra o e-book que pode transformar a sua rotina acad\u00eamica\" style=\"border-radius:10px;height:300px;object-fit:cover;\" srcset=\"https:\/\/empauta.saocamilo-sp.br\/wp-content\/uploads\/2025\/10\/shutterstock_2545026915-scaled.jpg 2560w, https:\/\/empauta.saocamilo-sp.br\/wp-content\/uploads\/2025\/10\/shutterstock_2545026915-300x169.jpg 300w, https:\/\/empauta.saocamilo-sp.br\/wp-content\/uploads\/2025\/10\/shutterstock_2545026915-1024x576.jpg 1024w, https:\/\/empauta.saocamilo-sp.br\/wp-content\/uploads\/2025\/10\/shutterstock_2545026915-768x432.jpg 768w, https:\/\/empauta.saocamilo-sp.br\/wp-content\/uploads\/2025\/10\/shutterstock_2545026915-1536x864.jpg 1536w, https:\/\/empauta.saocamilo-sp.br\/wp-content\/uploads\/2025\/10\/shutterstock_2545026915-2048x1152.jpg 2048w\" sizes=\"auto, (max-width: 2560px) 100vw, 2560px\" \/><\/figure><\/div>\n\n\n\n<div class=\"wp-block-column is-layout-flow wp-block-column-is-layout-flow\" style=\"flex-basis:60%\"><h2 style=\"font-size:28px;line-height:1.2; margin-bottom:var(--wp--preset--spacing--40);margin-top:var(--wp--preset--spacing--50);\" class=\"has-link-color is-style-title-hover-secondary-color wp-elements-29ca791ea117978d38afc0f5d7b88290 wp-block-post-title has-ibm-plex-serif-font-family\"><a href=\"https:\/\/empauta.saocamilo-sp.br\/?p=1130\" target=\"_self\" >&#8220;Sa\u00fade Mental e a Vida Universit\u00e1ria&#8221;: descubra o e-book que pode transformar a sua rotina acad\u00eamica<\/a><\/h2>\n\n\n<div class=\"wp-block-group has-x-small-font-size is-nowrap is-layout-flex wp-container-core-group-is-layout-6ce5725f wp-block-group-is-layout-flex\" style=\"padding-bottom:var(--wp--preset--spacing--20)\"><div class=\"wp-block-post-date has-nunito-font-family\"><time datetime=\"2025-10-24T15:27:12+00:00\">outubro 24, 2025<\/time><\/div>\n\n\n<p>.<\/p>\n\n\n<div class=\"wp-block-post-author-name has-nunito-font-family\">Em Pauta S\u00e3o Camilo<\/div><\/div>\n\n\n<div style=\"font-size:18px;\" class=\"wp-block-post-excerpt has-nunito-font-family\"><p class=\"wp-block-post-excerpt__excerpt\">A sa\u00fade mental \u00e9 um dos pilares fundamentais para o bem-estar humano, especialmente em momentos de alta press\u00e3o, como na experi\u00eancia acad\u00eamica. Nesse sentido, torna-se urgente a discuss\u00e3o sobre estrat\u00e9gias eficazes de apoio e acolhimento dentro do ambiente educacional. Esse \u00e9 um tema em que o Centro Universit\u00e1rio S\u00e3o Camilo figura como refer\u00eancia positiva. Em<\/p><p class=\"wp-block-post-excerpt__more-text\"><a class=\"wp-block-post-excerpt__more-link\" href=\"https:\/\/empauta.saocamilo-sp.br\/?p=1130\">Leia mais<\/a><\/p><\/div><\/div>\n<\/div>\n<\/div>\n\n<\/li><li class=\"wp-block-post post-1119 post type-post status-publish format-standard has-post-thumbnail hentry category-boas-praticas tag-boas-praticas tag-ciencia tag-combate-a-desinformacao tag-divulgacao-cientifica tag-pesquisa-cientifica tag-redes-sociais\">\n\n<div class=\"wp-block-group is-layout-flow wp-container-core-group-is-layout-d4a81756 wp-block-group-is-layout-flow\" style=\"padding-top:10px;padding-right:10px;padding-bottom:10px;padding-left:10px\">\n<div class=\"wp-block-columns is-layout-flex wp-container-core-columns-is-layout-28f84493 wp-block-columns-is-layout-flex\">\n<div class=\"wp-block-column is-layout-flow wp-block-column-is-layout-flow\" style=\"flex-basis:40%\"><figure style=\"height:300px;\" class=\"wp-block-post-featured-image\"><img loading=\"lazy\" decoding=\"async\" width=\"2560\" height=\"2560\" src=\"https:\/\/empauta.saocamilo-sp.br\/wp-content\/uploads\/2025\/09\/shutterstock_2670527159-scaled.jpg\" class=\"attachment-post-thumbnail size-post-thumbnail wp-post-image\" alt=\"Capa &quot;Ci\u00eancia no feed: uma conversa sobre divulga\u00e7\u00e3o cient\u00edfica nas redes sociais&quot;\" style=\"border-radius:10px;height:300px;object-fit:cover;\" srcset=\"https:\/\/empauta.saocamilo-sp.br\/wp-content\/uploads\/2025\/09\/shutterstock_2670527159-scaled.jpg 2560w, https:\/\/empauta.saocamilo-sp.br\/wp-content\/uploads\/2025\/09\/shutterstock_2670527159-300x300.jpg 300w, https:\/\/empauta.saocamilo-sp.br\/wp-content\/uploads\/2025\/09\/shutterstock_2670527159-1024x1024.jpg 1024w, https:\/\/empauta.saocamilo-sp.br\/wp-content\/uploads\/2025\/09\/shutterstock_2670527159-150x150.jpg 150w, https:\/\/empauta.saocamilo-sp.br\/wp-content\/uploads\/2025\/09\/shutterstock_2670527159-768x768.jpg 768w, https:\/\/empauta.saocamilo-sp.br\/wp-content\/uploads\/2025\/09\/shutterstock_2670527159-1536x1536.jpg 1536w, https:\/\/empauta.saocamilo-sp.br\/wp-content\/uploads\/2025\/09\/shutterstock_2670527159-2048x2048.jpg 2048w\" sizes=\"auto, (max-width: 2560px) 100vw, 2560px\" \/><\/figure><\/div>\n\n\n\n<div class=\"wp-block-column is-layout-flow wp-block-column-is-layout-flow\" style=\"flex-basis:60%\"><h2 style=\"font-size:28px;line-height:1.2; margin-bottom:var(--wp--preset--spacing--40);margin-top:var(--wp--preset--spacing--50);\" class=\"has-link-color is-style-title-hover-secondary-color wp-elements-29ca791ea117978d38afc0f5d7b88290 wp-block-post-title has-ibm-plex-serif-font-family\"><a href=\"https:\/\/empauta.saocamilo-sp.br\/?p=1119\" target=\"_self\" >Ci\u00eancia no feed: uma conversa sobre divulga\u00e7\u00e3o cient\u00edfica nas redes sociais<\/a><\/h2>\n\n\n<div class=\"wp-block-group has-x-small-font-size is-nowrap is-layout-flex wp-container-core-group-is-layout-6ce5725f wp-block-group-is-layout-flex\" style=\"padding-bottom:var(--wp--preset--spacing--20)\"><div class=\"wp-block-post-date has-nunito-font-family\"><time datetime=\"2025-09-30T12:22:17+00:00\">setembro 30, 2025<\/time><\/div>\n\n\n<p>.<\/p>\n\n\n<div class=\"wp-block-post-author-name has-nunito-font-family\">Em Pauta S\u00e3o Camilo<\/div><\/div>\n\n\n<div style=\"font-size:18px;\" class=\"wp-block-post-excerpt has-nunito-font-family\"><p class=\"wp-block-post-excerpt__excerpt\">N a produ\u00e7\u00e3o de conhecimento cient\u00edfico, a divulga\u00e7\u00e3o \u00e9 uma das etapas mais essenciais, pois \u00e9 ela que impulsiona os resultados da pesquisa, permitindo que ela chegue ao p\u00fablico que dela precise. Atualmente, a divulga\u00e7\u00e3o cient\u00edfica n\u00e3o conta apenas com o aux\u00edlio de revistas especializadas, bases de dados e plataformas como o Lattes, por exemplo.<\/p><p class=\"wp-block-post-excerpt__more-text\"><a class=\"wp-block-post-excerpt__more-link\" href=\"https:\/\/empauta.saocamilo-sp.br\/?p=1119\">Leia mais<\/a><\/p><\/div><\/div>\n<\/div>\n<\/div>\n\n<\/li><\/ul>\n\n<nav class=\"wp-block-query-pagination is-layout-flex wp-block-query-pagination-is-layout-flex\" aria-label=\"Pagina\u00e7\u00e3o\">\n\n\n<div class=\"wp-block-query-pagination-numbers has-ibm-plex-serif-font-family\"><span aria-current=\"page\" class=\"page-numbers current\">1<\/span>\n<a class=\"page-numbers\" href=\"?query-29-page=2&#038;rest_route=%2Fwp%2Fv2%2Fpages%2F144\">2<\/a>\n<a class=\"page-numbers\" href=\"?query-29-page=3&#038;rest_route=%2Fwp%2Fv2%2Fpages%2F144\">3<\/a>\n<span class=\"page-numbers dots\">&hellip;<\/span>\n<a class=\"page-numbers\" href=\"?query-29-page=5&#038;rest_route=%2Fwp%2Fv2%2Fpages%2F144\">5<\/a><\/div>\n\n<a href=\"\/index.php?rest_route=%2Fwp%2Fv2%2Fpages%2F144&#038;query-29-page=2\" class=\"wp-block-query-pagination-next has-ibm-plex-serif-font-family\">Pr\u00f3xima p\u00e1gina<\/a>\n<\/nav><\/div>\n<\/div>\n","protected":false},"excerpt":{"rendered":"<p>\u00daltimas Not\u00edcias Fique por dentro das \u00faltimas not\u00edcias da Em Pauta S\u00e3o Camilo.<\/p>\n","protected":false},"author":1,"featured_media":0,"parent":0,"menu_order":0,"comment_status":"closed","ping_status":"closed","template":"wp-custom-template-p-ginas-internas","meta":{"footnotes":""},"class_list":["post-144","page","type-page","status-publish","hentry"],"_links":{"self":[{"href":"https:\/\/empauta.saocamilo-sp.br\/index.php?rest_route=\/wp\/v2\/pages\/144","targetHints":{"allow":["GET"]}}],"collection":[{"href":"https:\/\/empauta.saocamilo-sp.br\/index.php?rest_route=\/wp\/v2\/pages"}],"about":[{"href":"https:\/\/empauta.saocamilo-sp.br\/index.php?rest_route=\/wp\/v2\/types\/page"}],"author":[{"embeddable":true,"href":"https:\/\/empauta.saocamilo-sp.br\/index.php?rest_route=\/wp\/v2\/users\/1"}],"replies":[{"embeddable":true,"href":"https:\/\/empauta.saocamilo-sp.br\/index.php?rest_route=%2Fwp%2Fv2%2Fcomments&post=144"}],"version-history":[{"count":38,"href":"https:\/\/empauta.saocamilo-sp.br\/index.php?rest_route=\/wp\/v2\/pages\/144\/revisions"}],"predecessor-version":[{"id":715,"href":"https:\/\/empauta.saocamilo-sp.br\/index.php?rest_route=\/wp\/v2\/pages\/144\/revisions\/715"}],"wp:attachment":[{"href":"https:\/\/empauta.saocamilo-sp.br\/index.php?rest_route=%2Fwp%2Fv2%2Fmedia&parent=144"}],"curies":[{"name":"wp","href":"https:\/\/api.w.org\/{rel}","templated":true}]}}